{"id":908,"date":"2023-06-21T16:43:32","date_gmt":"2023-06-21T09:43:32","guid":{"rendered":"http:\/\/localhost:8080\/haseca\/?page_id=908"},"modified":"2023-07-02T22:33:31","modified_gmt":"2023-07-02T15:33:31","slug":"tuyen-dung","status":"publish","type":"page","link":"https:\/\/ssgfood.com.vn\/en\/tuyen-dung\/","title":{"rendered":"Recruitment"},"content":{"rendered":"<p><\/p>\n<table id=\"t01\" style=\"width: 100%; height: 634px;\">\n<tbody>\n<tr style=\"height: 26px;\">\n<th style=\"height: 26px; width: 12.16%;\">VI\u0323 TRI\u0301<\/th>\n<th style=\"height: 26px; width: 56.48%;\">Y\u00caU C\u00c2\u0300U<\/th>\n<th style=\"height: 26px; width: 31.36%;\">H\u1ed3 s\u01a1 g\u1eedi v\u1ec1<\/th>\n<\/tr>\n<tr style=\"height: 212px;\">\n<td style=\"height: 212px; width: 12.16%;\">Qua\u0309n Ly\u0301<\/td>\n<td style=\"height: 212px; width: 56.48%;\">\u2013 T\u1ed1t nghi\u1ec7p Trung c\u1ea5p, Cao \u0110\u1eb3ng ,\u0110\u1ea1i h\u1ecdc ng\u00e0nh c\u00f4ng ngh\u1ec7 th\u1ef1c ph\u1ea9m, K\u1ef9 thu\u1eadt n\u1eef c\u00f4ng ho\u1eb7c qu\u1ea3n tr\u1ecb nh\u00e0 h\u00e0ng kh\u00e1ch s\u1ea1n.<br \/>\n\u2013 C\u00f3 1 n\u0103m kinh nghi\u1ec7m l\u00e0m v\u1ecb tr\u00ed qu\u1ea3n l\u00fd tr\u1edf l\u00ean, \u01b0u ti\u00ean \u1ee9ng vi\u00ean c\u00f3 kinh nghi\u1ec7m trong l\u0129nh v\u1ef1c su\u1ea5t \u0103n c\u00f4ng nghi\u1ec7p.<br \/>\n\u2013 C\u00f3 k\u1ef9 n\u0103ng t\u1ed5 ch\u1ee9c l\u00e3nh \u0111\u1ea1o, qu\u1ea3n l\u00fd nh\u00e2n vi\u00ean, giao ti\u1ebfp t\u1ed1t v\u1edbi kh\u00e1ch h\u00e0ng.<br \/>\n\u2013 Nhanh nh\u1eb9n, trung th\u1ef1c, nhi\u1ec7t t\u00ecnh.<br \/>\n\u2013 C\u00f3 ki\u1ebfn th\u1ee9c v\u1ec1 v\u1ec7 sinh an to\u00e0n th\u1ef1c ph\u1ea9m, bi\u1ebft c\u00e1ch l\u1eadp th\u1ef1c \u0111\u01a1n, oder, b\u00e1o c\u00e1o chi ph\u00ed.<\/td>\n<td style=\"height: 0px; width: 31.36%;\" rowspan=\"0\">minhyen@ssgfood.com.vn<\/p>\n<p>sale@ssgfood.com.vn<\/td>\n<\/tr>\n<tr style=\"height: 185px;\">\n<td style=\"height: 185px; width: 12.16%;\">QC<\/td>\n<td style=\"height: 185px; width: 56.48%;\">\u2013 T\u1ed1t nghi\u1ec7p Trung c\u1ea5p, Cao \u0110\u1eb3ng \u2013 \u0110\u1ea1i h\u1ecdc ng\u00e0nh c\u00f4ng ngh\u1ec7 th\u1ef1c ph\u1ea9m ho\u1eb7c K\u1ef9 thu\u1eadt n\u1eef c\u00f4ng.<br \/>\n\u2013 Kh\u00f4ng y\u00eau c\u1ea7u kinh nghi\u1ec7m.<br \/>\n\u2013 Nhanh nh\u1eb9n, n\u0103ng \u0111\u1ed9ng, c\u1ea7u ti\u1ebfn, ch\u1ea5p nh\u1eadn s\u1ef1 \u0111i\u1ec1u \u0111\u1ed9ng c\u1ee7a c\u00f4ng ty.<br \/>\n\u2013 C\u00f3 kh\u1ea3 n\u0103ng ch\u1ecbu \u00e1p l\u1ef1c c\u00f4ng vi\u1ec7c cao.<br \/>\n\u2013 C\u00f3 ki\u1ebfn th\u1ee9c v\u1ec1 v\u1ec7 sinh an to\u00e0n th\u1ef1c ph\u1ea9m, HACCP, h\u1ec7 th\u1ed1ng qu\u1ea3n l\u00fd an to\u00e0n th\u1ef1c ph\u1ea9m theo ISO 22000:2018.<\/td>\n<\/tr>\n<tr style=\"height: 132px;\">\n<td style=\"height: 132px; width: 12.16%;\">\u0110\u00e2\u0300u B\u00ea\u0301p<\/td>\n<td style=\"height: 132px; width: 56.48%;\">\u2013 C\u00f3 ch\u1ee9ng ch\u1ec9 n\u1ea5u \u0103n.<br \/>\n\u2013 Bi\u1ebft ch\u1ebf bi\u1ebfn c\u00e1c m\u00f3n \u0103n ph\u00f9 h\u1ee3p kh\u1ea9u v\u1ecb theo v\u00f9ng mi\u1ec1n.<br \/>\n\u2013 C\u00f3 \u00edt nh\u1ea5t 03 n\u0103m trong ng\u00e0nh su\u1ea5t \u0103n c\u00f4ng nghi\u1ec7p<br \/>\n\u2013 C\u00f3 kh\u1ea3 n\u0103ng l\u00ean th\u1ef1c \u0111\u01a1n, n\u1ea5u c\u00e1c m\u00f3n n\u01b0\u1edbc nh\u01b0: b\u00fan, ph\u1edf, b\u00e1nh canh\u2026.<br \/>\n\u2013 Nhanh nh\u1eb9n, ch\u0103m ch\u1ec9, ch\u1ea5p nh\u1eadn s\u1ef1 \u0111i\u1ec1u \u0111\u1ed9ng c\u1ee7a c\u00f4ng ty.<\/td>\n<\/tr>\n<tr style=\"height: 53px;\">\n<td style=\"height: 53px; width: 12.16%;\">Ph\u1ee5 b\u1ebfp<\/td>\n<td style=\"height: 53px; width: 56.48%;\">\u2013 C\u00f3 kh\u1ea3 n\u0103ng n\u1ea5u \u0103n.<br \/>\n\u2013 C\u00f3 s\u1ee9c kh\u1ecfe, ch\u0103m ch\u1ec9, nhi\u1ec7t t\u00ecnh.<\/td>\n<\/tr>\n<tr style=\"height: 26px;\">\n<td style=\"height: 26px; width: 12.16%;\">L\u0110PT<\/td>\n<td style=\"height: 26px; width: 56.48%;\">\u2013 Kh\u1ecfe m\u1ea1nh, nhanh nh\u1eb9n, ch\u0103m ch\u1ec9.<\/td>\n<\/tr>\n<\/tbody>\n<\/table>\n<p><\/p>","protected":false},"excerpt":{"rendered":"<p>VI\u0323 TRI\u0301 Y\u00caU C\u00c2\u0300U H\u1ed3 s\u01a1 g\u1eedi v\u1ec1 Qua\u0309n Ly\u0301 \u2013 T\u1ed1t nghi\u1ec7p Trung c\u1ea5p, Cao \u0110\u1eb3ng ,\u0110\u1ea1i h\u1ecdc ng\u00e0nh c\u00f4ng ngh\u1ec7 th\u1ef1c ph\u1ea9m, K\u1ef9 thu\u1eadt n\u1eef c\u00f4ng ho\u1eb7c qu\u1ea3n tr\u1ecb nh\u00e0 h\u00e0ng kh\u00e1ch s\u1ea1n. \u2013 C\u00f3 1 n\u0103m kinh &#8230;<\/p>\n","protected":false},"author":1,"featured_media":0,"parent":0,"menu_order":0,"comment_status":"closed","ping_status":"closed","template":"template\/page_tuyendung.php","meta":{"inline_featured_image":false},"yoast_head":"<!-- This site is optimized with the Yoast SEO plugin v20.10 - https:\/\/yoast.com\/wordpress\/plugins\/seo\/ -->\n<title>Recruitment - Sen S\u00e0i G\u00f2n<\/title>\n<meta name=\"robots\" content=\"index, follow, max-snippet:-1, max-image-preview:large, max-video-preview:-1\" \/>\n<link rel=\"canonical\" href=\"https:\/\/ssgfood.com.vn\/tuyen-dung\/\" \/>\n<meta property=\"og:locale\" content=\"en_US\" \/>\n<meta property=\"og:type\" content=\"article\" \/>\n<meta property=\"og:title\" content=\"[:vi]Tuy\u1ec3n d\u1ee5ng[:en]Recruitment[:zh]\u62db\u8058[:ja]\u63a1\u7528\u60c5\u5831[:ko]\ucc44\uc6a9[:] - Sen S\u00e0i G\u00f2n\" \/>\n<meta property=\"og:description\" content=\"VI\u0323 TRI\u0301 Y\u00caU C\u00c2\u0300U H\u1ed3 s\u01a1 g\u1eedi v\u1ec1 Qua\u0309n Ly\u0301 \u2013 T\u1ed1t nghi\u1ec7p Trung c\u1ea5p, Cao \u0110\u1eb3ng ,\u0110\u1ea1i h\u1ecdc ng\u00e0nh c\u00f4ng ngh\u1ec7 th\u1ef1c ph\u1ea9m, K\u1ef9 thu\u1eadt n\u1eef c\u00f4ng ho\u1eb7c qu\u1ea3n tr\u1ecb nh\u00e0 h\u00e0ng kh\u00e1ch s\u1ea1n. \u2013 C\u00f3 1 n\u0103m kinh ...\" \/>\n<meta property=\"og:url\" content=\"https:\/\/ssgfood.com.vn\/tuyen-dung\/\" \/>\n<meta property=\"og:site_name\" content=\"Sen S\u00e0i G\u00f2n\" \/>\n<meta property=\"article:modified_time\" content=\"2023-07-02T15:33:31+00:00\" \/>\n<meta name=\"twitter:card\" content=\"summary_large_image\" \/>\n<meta name=\"twitter:label1\" content=\"Est. reading time\" \/>\n\t<meta name=\"twitter:data1\" content=\"10 minutes\" \/>\n<script type=\"application\/ld+json\" class=\"yoast-schema-graph\">{\"@context\":\"https:\/\/schema.org\",\"@graph\":[{\"@type\":\"WebPage\",\"@id\":\"https:\/\/ssgfood.com.vn\/tuyen-dung\/\",\"url\":\"https:\/\/ssgfood.com.vn\/tuyen-dung\/\",\"name\":\"[:vi]Tuy\u1ec3n d\u1ee5ng[:en]Recruitment[:zh]\u62db\u8058[:ja]\u63a1\u7528\u60c5\u5831[:ko]\ucc44\uc6a9[:] - Sen S\u00e0i G\u00f2n\",\"isPartOf\":{\"@id\":\"https:\/\/ssgfood.com.vn\/#website\"},\"datePublished\":\"2023-06-21T09:43:32+00:00\",\"dateModified\":\"2023-07-02T15:33:31+00:00\",\"breadcrumb\":{\"@id\":\"https:\/\/ssgfood.com.vn\/tuyen-dung\/#breadcrumb\"},\"inLanguage\":\"en-US\",\"potentialAction\":[{\"@type\":\"ReadAction\",\"target\":[\"https:\/\/ssgfood.com.vn\/tuyen-dung\/\"]}]},{\"@type\":\"BreadcrumbList\",\"@id\":\"https:\/\/ssgfood.com.vn\/tuyen-dung\/#breadcrumb\",\"itemListElement\":[{\"@type\":\"ListItem\",\"position\":1,\"name\":\"Trang ch\u1ee7\",\"item\":\"https:\/\/ssgfood.com.vn\/\"},{\"@type\":\"ListItem\",\"position\":2,\"name\":\"Tuy\u1ec3n d\u1ee5ng\"}]},{\"@type\":\"WebSite\",\"@id\":\"https:\/\/ssgfood.com.vn\/#website\",\"url\":\"https:\/\/ssgfood.com.vn\/\",\"name\":\"Sen S\u00e0i G\u00f2n\",\"description\":\"\",\"potentialAction\":[{\"@type\":\"SearchAction\",\"target\":{\"@type\":\"EntryPoint\",\"urlTemplate\":\"https:\/\/ssgfood.com.vn\/?s={search_term_string}\"},\"query-input\":\"required name=search_term_string\"}],\"inLanguage\":\"en-US\"}]}<\/script>\n<!-- \/ Yoast SEO plugin. -->","yoast_head_json":{"title":"[:vi]Tuy\u1ec3n d\u1ee5ng[:en]Recruitment[:zh]\u62db\u8058[:ja]\u63a1\u7528\u60c5\u5831[:ko]\ucc44\uc6a9[:] - Sen S\u00e0i G\u00f2n","robots":{"index":"index","follow":"follow","max-snippet":"max-snippet:-1","max-image-preview":"max-image-preview:large","max-video-preview":"max-video-preview:-1"},"canonical":"https:\/\/ssgfood.com.vn\/tuyen-dung\/","og_locale":"en_US","og_type":"article","og_title":"[:vi]Tuy\u1ec3n d\u1ee5ng[:en]Recruitment[:zh]\u62db\u8058[:ja]\u63a1\u7528\u60c5\u5831[:ko]\ucc44\uc6a9[:] - Sen S\u00e0i G\u00f2n","og_description":"VI\u0323 TRI\u0301 Y\u00caU C\u00c2\u0300U H\u1ed3 s\u01a1 g\u1eedi v\u1ec1 Qua\u0309n Ly\u0301 \u2013 T\u1ed1t nghi\u1ec7p Trung c\u1ea5p, Cao \u0110\u1eb3ng ,\u0110\u1ea1i h\u1ecdc ng\u00e0nh c\u00f4ng ngh\u1ec7 th\u1ef1c ph\u1ea9m, K\u1ef9 thu\u1eadt n\u1eef c\u00f4ng ho\u1eb7c qu\u1ea3n tr\u1ecb nh\u00e0 h\u00e0ng kh\u00e1ch s\u1ea1n. \u2013 C\u00f3 1 n\u0103m kinh ...","og_url":"https:\/\/ssgfood.com.vn\/tuyen-dung\/","og_site_name":"Sen S\u00e0i G\u00f2n","article_modified_time":"2023-07-02T15:33:31+00:00","twitter_card":"summary_large_image","twitter_misc":{"Est. reading time":"10 minutes"},"schema":{"@context":"https:\/\/schema.org","@graph":[{"@type":"WebPage","@id":"https:\/\/ssgfood.com.vn\/tuyen-dung\/","url":"https:\/\/ssgfood.com.vn\/tuyen-dung\/","name":"[:vi]Tuy\u1ec3n d\u1ee5ng[:en]Recruitment[:zh]\u62db\u8058[:ja]\u63a1\u7528\u60c5\u5831[:ko]\ucc44\uc6a9[:] - Sen S\u00e0i G\u00f2n","isPartOf":{"@id":"https:\/\/ssgfood.com.vn\/#website"},"datePublished":"2023-06-21T09:43:32+00:00","dateModified":"2023-07-02T15:33:31+00:00","breadcrumb":{"@id":"https:\/\/ssgfood.com.vn\/tuyen-dung\/#breadcrumb"},"inLanguage":"en-US","potentialAction":[{"@type":"ReadAction","target":["https:\/\/ssgfood.com.vn\/tuyen-dung\/"]}]},{"@type":"BreadcrumbList","@id":"https:\/\/ssgfood.com.vn\/tuyen-dung\/#breadcrumb","itemListElement":[{"@type":"ListItem","position":1,"name":"Trang ch\u1ee7","item":"https:\/\/ssgfood.com.vn\/"},{"@type":"ListItem","position":2,"name":"Tuy\u1ec3n d\u1ee5ng"}]},{"@type":"WebSite","@id":"https:\/\/ssgfood.com.vn\/#website","url":"https:\/\/ssgfood.com.vn\/","name":"Sen S\u00e0i G\u00f2n","description":"","potentialAction":[{"@type":"SearchAction","target":{"@type":"EntryPoint","urlTemplate":"https:\/\/ssgfood.com.vn\/?s={search_term_string}"},"query-input":"required name=search_term_string"}],"inLanguage":"en-US"}]}},"_links":{"self":[{"href":"https:\/\/ssgfood.com.vn\/en\/wp-json\/wp\/v2\/pages\/908"}],"collection":[{"href":"https:\/\/ssgfood.com.vn\/en\/wp-json\/wp\/v2\/pages"}],"about":[{"href":"https:\/\/ssgfood.com.vn\/en\/wp-json\/wp\/v2\/types\/page"}],"author":[{"embeddable":true,"href":"https:\/\/ssgfood.com.vn\/en\/wp-json\/wp\/v2\/users\/1"}],"replies":[{"embeddable":true,"href":"https:\/\/ssgfood.com.vn\/en\/wp-json\/wp\/v2\/comments?post=908"}],"version-history":[{"count":20,"href":"https:\/\/ssgfood.com.vn\/en\/wp-json\/wp\/v2\/pages\/908\/revisions"}],"predecessor-version":[{"id":1199,"href":"https:\/\/ssgfood.com.vn\/en\/wp-json\/wp\/v2\/pages\/908\/revisions\/1199"}],"wp:attachment":[{"href":"https:\/\/ssgfood.com.vn\/en\/wp-json\/wp\/v2\/media?parent=908"}],"curies":[{"name":"wp","href":"https:\/\/api.w.org\/{rel}","templated":true}]}}