{"id":8,"date":"2021-06-02T09:09:08","date_gmt":"2021-06-02T02:09:08","guid":{"rendered":"http:\/\/dv15.mediawz.com\/?page_id=8"},"modified":"2023-07-04T13:53:20","modified_gmt":"2023-07-04T06:53:20","slug":"trang-chu","status":"publish","type":"page","link":"https:\/\/ssgfood.com.vn\/ja\/","title":{"rendered":"\u30db\u30fc\u30e0\u30da\u30fc\u30b8"},"content":{"rendered":"","protected":false},"excerpt":{"rendered":"","protected":false},"author":1,"featured_media":0,"parent":0,"menu_order":0,"comment_status":"closed","ping_status":"closed","template":"","meta":{"inline_featured_image":false},"yoast_head":"<!-- This site is optimized with the Yoast SEO plugin v20.10 - https:\/\/yoast.com\/wordpress\/plugins\/seo\/ -->\n<title>Sen S\u00e0i G\u00f2n<\/title>\n<meta name=\"description\" content=\"C\u00f4ng ty TNHH Sen S\u00e0i G\u00f2n. Li\u00ean h\u1ec7 : 093 7205 200\" \/>\n<meta name=\"robots\" content=\"index, follow, max-snippet:-1, max-image-preview:large, max-video-preview:-1\" \/>\n<link rel=\"canonical\" href=\"https:\/\/ssgfood.com.vn\/\" \/>\n<meta property=\"og:locale\" content=\"ja_JP\" \/>\n<meta property=\"og:type\" content=\"article\" \/>\n<meta property=\"og:title\" content=\"Sen S\u00e0i G\u00f2n\" \/>\n<meta property=\"og:description\" content=\"C\u00f4ng ty TNHH Sen S\u00e0i G\u00f2n. Li\u00ean h\u1ec7 : 093 7205 200\" \/>\n<meta property=\"og:url\" content=\"https:\/\/ssgfood.com.vn\/\" \/>\n<meta property=\"og:site_name\" content=\"Sen S\u00e0i G\u00f2n\" \/>\n<meta property=\"article:modified_time\" content=\"2023-07-04T06:53:20+00:00\" \/>\n<meta name=\"twitter:card\" content=\"summary_large_image\" \/>\n<script type=\"application\/ld+json\" class=\"yoast-schema-graph\">{\"@context\":\"https:\/\/schema.org\",\"@graph\":[{\"@type\":\"WebPage\",\"@id\":\"https:\/\/ssgfood.com.vn\/\",\"url\":\"https:\/\/ssgfood.com.vn\/\",\"name\":\"Sen S\u00e0i G\u00f2n\",\"isPartOf\":{\"@id\":\"https:\/\/ssgfood.com.vn\/#website\"},\"datePublished\":\"2021-06-02T02:09:08+00:00\",\"dateModified\":\"2023-07-04T06:53:20+00:00\",\"description\":\"C\u00f4ng ty TNHH Sen S\u00e0i G\u00f2n. Li\u00ean h\u1ec7 : 093 7205 200\",\"breadcrumb\":{\"@id\":\"https:\/\/ssgfood.com.vn\/#breadcrumb\"},\"inLanguage\":\"ja\",\"potentialAction\":[{\"@type\":\"ReadAction\",\"target\":[\"https:\/\/ssgfood.com.vn\/\"]}]},{\"@type\":\"BreadcrumbList\",\"@id\":\"https:\/\/ssgfood.com.vn\/#breadcrumb\",\"itemListElement\":[{\"@type\":\"ListItem\",\"position\":1,\"name\":\"Trang ch\u1ee7\",\"item\":\"https:\/\/ssgfood.com.vn\/\"},{\"@type\":\"ListItem\",\"position\":2,\"name\":\"Trang ch\u1ee7\"}]},{\"@type\":\"WebSite\",\"@id\":\"https:\/\/ssgfood.com.vn\/#website\",\"url\":\"https:\/\/ssgfood.com.vn\/\",\"name\":\"Sen S\u00e0i G\u00f2n\",\"description\":\"\",\"potentialAction\":[{\"@type\":\"SearchAction\",\"target\":{\"@type\":\"EntryPoint\",\"urlTemplate\":\"https:\/\/ssgfood.com.vn\/?s={search_term_string}\"},\"query-input\":\"required name=search_term_string\"}],\"inLanguage\":\"ja\"}]}<\/script>\n<!-- \/ Yoast SEO plugin. -->","yoast_head_json":{"title":"Sen S\u00e0i G\u00f2n","description":"C\u00f4ng ty TNHH Sen S\u00e0i G\u00f2n. Li\u00ean h\u1ec7 : 093 7205 200","robots":{"index":"index","follow":"follow","max-snippet":"max-snippet:-1","max-image-preview":"max-image-preview:large","max-video-preview":"max-video-preview:-1"},"canonical":"https:\/\/ssgfood.com.vn\/","og_locale":"ja_JP","og_type":"article","og_title":"Sen S\u00e0i G\u00f2n","og_description":"C\u00f4ng ty TNHH Sen S\u00e0i G\u00f2n. Li\u00ean h\u1ec7 : 093 7205 200","og_url":"https:\/\/ssgfood.com.vn\/","og_site_name":"Sen S\u00e0i G\u00f2n","article_modified_time":"2023-07-04T06:53:20+00:00","twitter_card":"summary_large_image","schema":{"@context":"https:\/\/schema.org","@graph":[{"@type":"WebPage","@id":"https:\/\/ssgfood.com.vn\/","url":"https:\/\/ssgfood.com.vn\/","name":"Sen S\u00e0i G\u00f2n","isPartOf":{"@id":"https:\/\/ssgfood.com.vn\/#website"},"datePublished":"2021-06-02T02:09:08+00:00","dateModified":"2023-07-04T06:53:20+00:00","description":"C\u00f4ng ty TNHH Sen S\u00e0i G\u00f2n. Li\u00ean h\u1ec7 : 093 7205 200","breadcrumb":{"@id":"https:\/\/ssgfood.com.vn\/#breadcrumb"},"inLanguage":"ja","potentialAction":[{"@type":"ReadAction","target":["https:\/\/ssgfood.com.vn\/"]}]},{"@type":"BreadcrumbList","@id":"https:\/\/ssgfood.com.vn\/#breadcrumb","itemListElement":[{"@type":"ListItem","position":1,"name":"Trang ch\u1ee7","item":"https:\/\/ssgfood.com.vn\/"},{"@type":"ListItem","position":2,"name":"Trang ch\u1ee7"}]},{"@type":"WebSite","@id":"https:\/\/ssgfood.com.vn\/#website","url":"https:\/\/ssgfood.com.vn\/","name":"Sen S\u00e0i G\u00f2n","description":"","potentialAction":[{"@type":"SearchAction","target":{"@type":"EntryPoint","urlTemplate":"https:\/\/ssgfood.com.vn\/?s={search_term_string}"},"query-input":"required name=search_term_string"}],"inLanguage":"ja"}]}},"_links":{"self":[{"href":"https:\/\/ssgfood.com.vn\/ja\/wp-json\/wp\/v2\/pages\/8"}],"collection":[{"href":"https:\/\/ssgfood.com.vn\/ja\/wp-json\/wp\/v2\/pages"}],"about":[{"href":"https:\/\/ssgfood.com.vn\/ja\/wp-json\/wp\/v2\/types\/page"}],"author":[{"embeddable":true,"href":"https:\/\/ssgfood.com.vn\/ja\/wp-json\/wp\/v2\/users\/1"}],"replies":[{"embeddable":true,"href":"https:\/\/ssgfood.com.vn\/ja\/wp-json\/wp\/v2\/comments?post=8"}],"version-history":[{"count":6,"href":"https:\/\/ssgfood.com.vn\/ja\/wp-json\/wp\/v2\/pages\/8\/revisions"}],"predecessor-version":[{"id":1198,"href":"https:\/\/ssgfood.com.vn\/ja\/wp-json\/wp\/v2\/pages\/8\/revisions\/1198"}],"wp:attachment":[{"href":"https:\/\/ssgfood.com.vn\/ja\/wp-json\/wp\/v2\/media?parent=8"}],"curies":[{"name":"wp","href":"https:\/\/api.w.org\/{rel}","templated":true}]}}